{"id":302379,"date":"2023-04-25T18:03:30","date_gmt":"2023-04-25T22:03:30","guid":{"rendered":"https:\/\/globalvet.ca\/?page_id=302379"},"modified":"2025-02-04T10:19:38","modified_gmt":"2025-02-04T15:19:38","slug":"careers","status":"publish","type":"page","link":"https:\/\/globalvet.ca\/en\/careers\/","title":{"rendered":"Careers"},"content":{"rendered":"<p><span data-contrast=\"none\">For Veterinarian, Vet Student programs, and Veterinary Technician opportunities, click\u00a0the respective link below.<\/span><span data-ccp-props=\"{&quot;134233117&quot;:false,&quot;134233118&quot;:false,&quot;201341983&quot;:0,&quot;335551550&quot;:1,&quot;335551620&quot;:1,&quot;335559685&quot;:0,&quot;335559737&quot;:0,&quot;335559738&quot;:0,&quot;335559739&quot;:160,&quot;335559740&quot;:259}\">\u00a0<\/span><\/p>\n<p><span data-contrast=\"none\">For all other positions (Client Care Representative\/Receptionist, Animal Handler, Animal Health Technician\/Assistant, etc.), email your resume directly to each practice.<\/span><span data-ccp-props=\"{&quot;134233117&quot;:false,&quot;134233118&quot;:false,&quot;201341983&quot;:0,&quot;335551550&quot;:1,&quot;335551620&quot;:1,&quot;335559685&quot;:0,&quot;335559737&quot;:0,&quot;335559738&quot;:0,&quot;335559739&quot;:160,&quot;335559740&quot;:259}\">\u00a0<\/span><\/p>\n<p>&nbsp;<\/p>\n<h2>BAS-SAINT-LAURENT<\/h2>\n<p><strong>Clinique V\u00e9t\u00e9rinaire du Littoral (Rimouski)<\/strong><br \/>\n342 boul. Jessop<br \/>\nRimouski, QC G5L 1M8<\/p>\n<ul>\n<li>For Veterinarian, Vet Student programs, and Veterinary Technician opportunities, <a rel=\"noopener\" href=\"https:\/\/www.dayforcehcm.com\/candidateportal\/en-US\/vetstrategy\/site\/LITTORAL\" target=\"_blank\">CLICK HERE<\/a>.<\/li>\n<li>For all other positions, email your resume to: <a rel=\"noreferrer noopener\" href=\"mailto:carrieres.littoral@globalvet.ca\" target=\"_blank\" class=\"Hyperlink SCXW116602891 BCX0\"><span class=\"TextRun Underlined SCXW116602891 BCX0\" lang=\"EN-US\" xml:lang=\"EN-US\" data-contrast=\"none\"><span class=\"NormalTextRun SCXW116602891 BCX0\" data-ccp-charstyle=\"Hyperlink\">carrieres.littoral@globalvet.ca<\/span><\/span><\/a><\/li>\n<\/ul>\n<p>&nbsp;<\/p>\n<h2>CAPITALE-NATIONALE<\/h2>\n<p><strong>Clinique V\u00e9t\u00e9rinaire Beauport<\/strong><br \/>\n730 rue Cambronne<br \/>\nQu\u00e9bec, QC G1E 7H4<\/p>\n<ul>\n<li>For Veterinarian, Vet Student programs, and Veterinary Technician opportunities, <a rel=\"noopener\" href=\"https:\/\/www.dayforcehcm.com\/candidateportal\/en-US\/vetstrategy\/site\/BEAUPORT\" target=\"_blank\">CLICK HERE<\/a>.<\/li>\n<li>For all other positions, email your resume to: <a rel=\"noreferrer noopener\" href=\"mailto:Carrieres.Beauport@globalvet.ca\" target=\"_blank\" class=\"Hyperlink SCXW162198188 BCX0\"><span class=\"TextRun Underlined SCXW162198188 BCX0\" lang=\"EN-US\" xml:lang=\"EN-US\" data-contrast=\"none\"><span class=\"NormalTextRun SCXW162198188 BCX0\" data-ccp-charstyle=\"Hyperlink\">ca<\/span><span class=\"NormalTextRun SCXW162198188 BCX0\" data-ccp-charstyle=\"Hyperlink\">rrieres.<\/span><span class=\"NormalTextRun SCXW162198188 BCX0\" data-ccp-charstyle=\"Hyperlink\">b<\/span><span class=\"NormalTextRun SCXW162198188 BCX0\" data-ccp-charstyle=\"Hyperlink\">eauport@globalvet.ca<\/span><\/span><\/a><\/li>\n<\/ul>\n<p>&nbsp;<\/p>\n<p><strong>Clinique V\u00e9t\u00e9rinaire Cap-Rouge<\/strong><br \/>\n4755 rue de la Promenade-des-Soeurs<br \/>\nQu\u00e9bec, QC G1Y 2W2<\/p>\n<ul>\n<li>For Veterinarian, Vet Student programs, and Veterinary Technician opportunities, <a rel=\"noopener\" href=\"https:\/\/www.dayforcehcm.com\/candidateportal\/en-US\/vetstrategy\/site\/CAPROUGE\" target=\"_blank\">CLICK HERE<\/a>.<\/li>\n<li>For all other positions, email your resume to: <a rel=\"noreferrer noopener\" href=\"mailto:Carrieres.CapRouge@globalvet.ca\" target=\"_blank\" class=\"Hyperlink SCXW156002624 BCX0\"><span class=\"TextRun Underlined SCXW156002624 BCX0\" lang=\"EN-US\" xml:lang=\"EN-US\" data-contrast=\"none\"><span class=\"NormalTextRun SCXW156002624 BCX0\" data-ccp-charstyle=\"Hyperlink\">c<\/span><span class=\"NormalTextRun SCXW156002624 BCX0\" data-ccp-charstyle=\"Hyperlink\">arrieres.<\/span><span class=\"NormalTextRun SCXW156002624 BCX0\" data-ccp-charstyle=\"Hyperlink\">c<\/span><span class=\"NormalTextRun SCXW156002624 BCX0\" data-ccp-charstyle=\"Hyperlink\">ap<\/span><span class=\"NormalTextRun SCXW156002624 BCX0\" data-ccp-charstyle=\"Hyperlink\">r<\/span><span class=\"NormalTextRun SCXW156002624 BCX0\" data-ccp-charstyle=\"Hyperlink\">ouge@globalvet.ca<\/span><\/span><\/a><\/li>\n<\/ul>\n<p>&nbsp;<\/p>\n<p><strong>Clinique V\u00e9t\u00e9rinaire Caron (Charlesbourg)<\/strong><br \/>\n374, 52<em>e<\/em> rue Est<br \/>\nQu\u00e9bec, QC G1H 2J4<\/p>\n<ul>\n<li>For Veterinarian, Vet Student programs, and Veterinary Technician opportunities, <a rel=\"noopener\" href=\"https:\/\/www.dayforcehcm.com\/candidateportal\/en-US\/vetstrategy\/site\/CARON\" target=\"_blank\">CLICK HERE<\/a>.<\/li>\n<li>For all other positions, email your resume to: <a rel=\"noreferrer noopener\" href=\"mailto:Carrieres.Caron@globalvet.ca\" target=\"_blank\" class=\"Hyperlink SCXW153190406 BCX0\"><span class=\"TextRun Underlined SCXW153190406 BCX0\" lang=\"EN-US\" xml:lang=\"EN-US\" data-contrast=\"none\"><span class=\"NormalTextRun SCXW153190406 BCX0\" data-ccp-charstyle=\"Hyperlink\">c<\/span><span class=\"NormalTextRun SCXW153190406 BCX0\" data-ccp-charstyle=\"Hyperlink\">arrieres.<\/span><span class=\"NormalTextRun SCXW153190406 BCX0\" data-ccp-charstyle=\"Hyperlink\">c<\/span><span class=\"NormalTextRun SCXW153190406 BCX0\" data-ccp-charstyle=\"Hyperlink\">aron@globalvet.ca<\/span><\/span><\/a><\/li>\n<\/ul>\n<p>&nbsp;<\/p>\n<p><strong>Clinique V\u00e9t\u00e9rinaire du Faubourg<\/strong><br \/>\n36 boul. Ren\u00e9-L\u00e9vesque Est<br \/>\nQu\u00e9bec, QC G1R 2B1<\/p>\n<ul>\n<li>For Veterinarian, Vet Student programs, and Veterinary Technician opportunities, <a rel=\"noopener\" href=\"https:\/\/www.dayforcehcm.com\/candidateportal\/en-US\/vetstrategy\/site\/FAUBOURG\" target=\"_blank\">CLICK HERE<\/a>.<\/li>\n<li>For all other positions, email your resume to: <a rel=\"noreferrer noopener\" href=\"mailto:carrieres.faubourg@globalvet.ca\" target=\"_blank\" class=\"Hyperlink SCXW19997878 BCX0\"><span class=\"TextRun Underlined SCXW19997878 BCX0\" lang=\"EN-US\" xml:lang=\"EN-US\" data-contrast=\"none\"><span class=\"NormalTextRun SCXW19997878 BCX0\" data-ccp-charstyle=\"Hyperlink\">carrieres.faubourg@globalvet.ca<\/span><\/span><\/a><\/li>\n<\/ul>\n<p><strong><br \/>\nClinique V\u00e9t\u00e9rinaire Loretteville<\/strong><br \/>\n10, 935 boul. l&#8217;Ormi\u00e8re<br \/>\nQu\u00e9bec, QC G2B 3L5<\/p>\n<ul>\n<li>For Veterinarian, Vet Student programs, and Veterinary Technician opportunities, <a rel=\"noopener\" href=\"https:\/\/www.dayforcehcm.com\/candidateportal\/en-US\/vetstrategy\/site\/LORETTEVILLE\" target=\"_blank\">CLICK HERE<\/a>.<\/li>\n<li>For all other positions, email your resume to: <a rel=\"noreferrer noopener\" href=\"mailto:carrieres.loretteville@globalvet.ca\" target=\"_blank\" class=\"Hyperlink SCXW254387601 BCX0\"><span class=\"TextRun Underlined SCXW254387601 BCX0\" lang=\"EN-US\" xml:lang=\"EN-US\" data-contrast=\"none\"><span class=\"NormalTextRun SCXW254387601 BCX0\" data-ccp-charstyle=\"Hyperlink\">carrieres.loretteville@globalvet.ca<\/span><\/span><\/a><\/li>\n<\/ul>\n<p>&nbsp;<\/p>\n<p><strong>Clinique V\u00e9t\u00e9rinaire Qu\u00e9bec-Centre<\/strong><br \/>\n3349 boul. Wilfrid-Hamel<br \/>\nQu\u00e9bec, QC G1P 2J3<\/p>\n<ul>\n<li>For Veterinarian, Vet Student programs, and Veterinary Technician opportunities, <a rel=\"noopener\" href=\"https:\/\/www.dayforcehcm.com\/candidateportal\/en-US\/vetstrategy\/site\/QUEBECCENTRE\" target=\"_blank\">CLICK HERE<\/a>.<\/li>\n<li>For all other positions, email your resume to: <a rel=\"noreferrer noopener\" href=\"mailto:carrieres.quebeccentre@globalvet.ca\" target=\"_blank\" class=\"Hyperlink SCXW133702 BCX0\"><span class=\"TextRun Underlined SCXW133702 BCX0\" lang=\"EN-US\" xml:lang=\"EN-US\" data-contrast=\"none\"><span class=\"NormalTextRun SCXW133702 BCX0\" data-ccp-charstyle=\"Hyperlink\">carrieres.quebeccentre@globalvet.ca<\/span><\/span><\/a><\/li>\n<\/ul>\n<p>&nbsp;<\/p>\n<h2>CHAUDI\u00c8RES-APPALACHES<\/h2>\n<p><strong>Clinique V\u00e9t\u00e9rinaire Beauce-Appalaches<\/strong><br \/>\n410, 144<em>e<\/em> rue<br \/>\nSaint-Georges, QC G5Y 2K4<\/p>\n<ul>\n<li>For Veterinarian, Vet Student programs, and Veterinary Technician opportunities, <a rel=\"noopener\" href=\"https:\/\/www.dayforcehcm.com\/candidateportal\/en-US\/vetstrategy\/site\/BEAUCEAPPALACHES\" target=\"_blank\">CLICK HERE<\/a>.<\/li>\n<li>For all other positions, email your resume to: <a rel=\"noreferrer noopener\" href=\"mailto:Carrieres.BeauceAppalaches@globalvet.ca\" target=\"_blank\" class=\"Hyperlink SCXW121563744 BCX0\"><span class=\"TextRun Underlined SCXW121563744 BCX0\" lang=\"EN-US\" xml:lang=\"EN-US\" data-contrast=\"none\"><span class=\"NormalTextRun SCXW121563744 BCX0\" data-ccp-charstyle=\"Hyperlink\">ca<\/span><span class=\"NormalTextRun SCXW121563744 BCX0\" data-ccp-charstyle=\"Hyperlink\">rrieres.<\/span><span class=\"NormalTextRun SCXW121563744 BCX0\" data-ccp-charstyle=\"Hyperlink\">b<\/span><span class=\"NormalTextRun SCXW121563744 BCX0\" data-ccp-charstyle=\"Hyperlink\">eauce<\/span><span class=\"NormalTextRun SCXW121563744 BCX0\" data-ccp-charstyle=\"Hyperlink\">a<\/span><span class=\"NormalTextRun SCXW121563744 BCX0\" data-ccp-charstyle=\"Hyperlink\">ppalaches@globalvet.ca<\/span><\/span><\/a><\/li>\n<\/ul>\n<p>&nbsp;<\/p>\n<p><strong>Clinique V\u00e9t\u00e9rinaire L\u00e9vis<\/strong><br \/>\n2865 boul. Guillaume-Couture<br \/>\nL\u00e9vis, QC G6W 6N9<\/p>\n<ul>\n<li>For Veterinarian, Vet Student programs, and Veterinary Technician opportunities, <a rel=\"noopener\" href=\"https:\/\/www.dayforcehcm.com\/candidateportal\/en-US\/vetstrategy\/site\/LEVIS\" target=\"_blank\">CLICK HERE<\/a>.<\/li>\n<li>For all other positions, email your resume to: <a rel=\"noreferrer noopener\" href=\"mailto:carrieres.levis@globalvet.ca\" target=\"_blank\" class=\"Hyperlink SCXW187332873 BCX0\"><span class=\"TextRun Underlined SCXW187332873 BCX0\" lang=\"EN-US\" xml:lang=\"EN-US\" data-contrast=\"none\"><span class=\"NormalTextRun SCXW187332873 BCX0\" data-ccp-charstyle=\"Hyperlink\">carrieres.levis@globalvet.ca<\/span><\/span><\/a><\/li>\n<\/ul>\n<p>&nbsp;<\/p>\n<p><strong>Clinique V\u00e9t\u00e9rinaire Saint-Nicolas<\/strong><br \/>\n423 rue des Chutes-de-la-Chaudi\u00e8re<br \/>\nL\u00e9vis, QC G7A 1E7<\/p>\n<ul>\n<li>For Veterinarian, Vet Student programs, and Veterinary Technician opportunities, <a rel=\"noopener\" href=\"https:\/\/www.dayforcehcm.com\/candidateportal\/en-US\/vetstrategy\/site\/SAINTNICOLAS\" target=\"_blank\">CLICK HERE<\/a>.<\/li>\n<li>For all other positions, email your resume to: <a rel=\"noreferrer noopener\" href=\"mailto:carrieres.saintnicolas@globalvet.ca\" target=\"_blank\" class=\"Hyperlink SCXW196458958 BCX0\"><span class=\"TextRun Underlined SCXW196458958 BCX0\" lang=\"EN-US\" xml:lang=\"EN-US\" data-contrast=\"none\"><span class=\"NormalTextRun SCXW196458958 BCX0\" data-ccp-charstyle=\"Hyperlink\">carrieres.saintnicolas@globalvet.ca<\/span><\/span><\/a><\/li>\n<\/ul>\n<p>&nbsp;<\/p>\n<h2>C\u00d4TE-NORD<\/h2>\n<p><strong><span class=\"ui-provider gp b c d e f g h i j k l m n o p q r s t u v w x y z ab ac ae af ag ah ai aj ak\" dir=\"ltr\">H\u00f4pital V\u00e9t\u00e9rinaire Manicouagan<\/span><\/strong><br \/>\n<span class=\"ui-provider gp b c d e f g h i j k l m n o p q r s t u v w x y z ab ac ae af ag ah ai aj ak\" dir=\"ltr\">838 rue de Bretagne<br \/>\nBaie-Comeau, QC G5C 1X7<\/span><\/p>\n<ul>\n<li><span class=\"ui-provider gp b c d e f g h i j k l m n o p q r s t u v w x y z ab ac ae af ag ah ai aj ak\" dir=\"ltr\">For all positions, email your resume to: <a href=\"mailto:administration@hvmanic.ca\">administration@hvmanic.ca<\/a><\/span><\/li>\n<\/ul>\n<p>&nbsp;<\/p>\n<h2>LAVAL<\/h2>\n<p><strong>Clinique V\u00e9t\u00e9rinaire de l&#8217;Ile J\u00e9sus<br \/>\n<\/strong>3625 boul. Dagenais O<br \/>\nLaval, QC H7P 5C9<\/p>\n<ul>\n<li>For Veterinarian, Vet Student programs, and Veterinary Technician opportunities, <a rel=\"noopener\" href=\"https:\/\/www.dayforcehcm.com\/candidateportal\/en-US\/vetstrategy\/site\/DELILEJESUS\" target=\"_blank\">CLICK HERE<\/a>.<\/li>\n<li>For all other positions, email your resume to: <a rel=\"noreferrer noopener\" href=\"mailto:carrieres.ilejesus@globalvet.ca\" target=\"_blank\">carrieres.ilejesus@globalvet.ca<\/a><\/li>\n<\/ul>\n<p>&nbsp;<\/p>\n<h2>MONT\u00c9R\u00c9GIE<\/h2>\n<p><strong>Clinique V\u00e9t\u00e9rinaire de la Mennais Inc.<\/strong><br \/>\n1077 chemin de Saint-Jean<br \/>\nLa Prairie, QC J5R 2L6<\/p>\n<ul>\n<li>For Veterinarian, Vet Student programs, and Veterinary Technician opportunities, <a rel=\"noopener\" href=\"https:\/\/www.dayforcehcm.com\/candidateportal\/en-US\/vetstrategy\/site\/DELAMENNAIS\" target=\"_blank\">CLICK HERE<\/a>.<\/li>\n<li>For all other positions, email your resume to: <a rel=\"noreferrer noopener\" href=\"mailto:carrieres.mennais@globalvet.ca\" target=\"_blank\">carrieres.mennais@globalvet.ca<\/a><\/li>\n<\/ul>\n<p>&nbsp;<\/p>\n<p><strong> H\u00f4pital V\u00e9t\u00e9rinaire Pierre-Boucher Inc.<\/strong><br \/>\n1510 boul. Jacques-Cartier Est<br \/>\nLongueuil, QC J4M 1B3<\/p>\n<ul>\n<li>For Veterinarian, Vet Student programs, and Veterinary Technician opportunities, <a rel=\"noopener\" href=\"https:\/\/www.dayforcehcm.com\/candidateportal\/en-US\/vetstrategy\/site\/PIERREBOUCHER\" target=\"_blank\">CLICK HERE<\/a>.<\/li>\n<li>For all other positions, email your resume to: <a rel=\"noreferrer noopener\" href=\"mailto:Carrieres.PierreBoucher@globalvet.ca\" target=\"_blank\">carrieres.pierreboucher@globalvet.ca<\/a><\/li>\n<\/ul>\n<p>&nbsp;<\/p>\n<h2>MONTR\u00c9AL<\/h2>\n<p><strong>Clinique M\u00e9decin V\u00e9t\u00e9rinaire de St-Louis Inc.<\/strong><br \/>\n3928 rue St-Hubert<br \/>\nMontr\u00e9al, QC H2L 4A5<\/p>\n<ul>\n<li>For Veterinarian, Vet Student programs, and Veterinary Technician opportunities, <a rel=\"noopener\" href=\"https:\/\/www.dayforcehcm.com\/candidateportal\/en-US\/vetstrategy\/site\/STLOUIS\" target=\"_blank\">CLICK HERE<\/a>.<\/li>\n<li>For all other positions, email your resume to: <a rel=\"noreferrer noopener\" href=\"mailto:carrieres.stlouis@globalvet.ca\" target=\"_blank\" class=\"Hyperlink SCXW85877746 BCX0\"><span class=\"TextRun Underlined SCXW85877746 BCX0\" lang=\"EN-US\" xml:lang=\"EN-US\" data-contrast=\"none\"><span class=\"NormalTextRun SCXW85877746 BCX0\" data-ccp-charstyle=\"Hyperlink\">carrieres.stlouis@globalvet.ca<\/span><\/span><\/a><\/li>\n<\/ul>\n<p>&nbsp;<\/p>\n<p><strong>Clinique V\u00e9t\u00e9rinaire de la Promenade<\/strong><br \/>\n1567 rue Fleury Est<br \/>\nMontr\u00e9al, QC H2C 1S7<\/p>\n<ul>\n<li>For Veterinarian, Vet Student programs, and Veterinary Technician opportunities, <a rel=\"noopener\" href=\"https:\/\/www.dayforcehcm.com\/candidateportal\/en-US\/vetstrategy\/site\/DELAPROMENADE\" target=\"_blank\">CLICK HERE<\/a>.<\/li>\n<li>For all other positions, email your resume to: <a rel=\"noreferrer noopener\" href=\"mailto:carrieres.promenade@globalvet.ca\" target=\"_blank\" class=\"Hyperlink SCXW115039264 BCX0\"><span class=\"TextRun Underlined SCXW115039264 BCX0\" lang=\"EN-US\" xml:lang=\"EN-US\" data-contrast=\"none\"><span class=\"NormalTextRun SCXW115039264 BCX0\" data-ccp-charstyle=\"Hyperlink\">carrieres.promenade@globalvet.ca<\/span><\/span><\/a><\/li>\n<\/ul>\n","protected":false},"excerpt":{"rendered":"<p>For Veterinarian, Vet Student programs, and Veterinary Technician opportunities, click\u00a0the respective link below.\u00a0 For all [&hellip;]<\/p>\n","protected":false},"author":2,"featured_media":0,"parent":0,"menu_order":0,"comment_status":"closed","ping_status":"closed","template":"","meta":{"_acf_changed":false,"inline_featured_image":false,"_monsterinsights_skip_tracking":false,"_monsterinsights_sitenote_active":false,"_monsterinsights_sitenote_note":"","_monsterinsights_sitenote_category":0,"footnotes":""},"class_list":["post-302379","page","type-page","status-publish","hentry"],"acf":[],"yoast_head":"<!-- This site is optimized with the Yoast SEO plugin v27.2 - https:\/\/yoast.com\/product\/yoast-seo-wordpress\/ -->\n<title>Careers - Globalvet<\/title>\n<meta name=\"robots\" content=\"index, follow, max-snippet:-1, max-image-preview:large, max-video-preview:-1\" \/>\n<link rel=\"canonical\" href=\"https:\/\/globalvet.ca\/en\/careers\/\" \/>\n<meta property=\"og:locale\" content=\"en_US\" \/>\n<meta property=\"og:type\" content=\"article\" \/>\n<meta property=\"og:title\" content=\"Careers - Globalvet\" \/>\n<meta property=\"og:description\" content=\"For Veterinarian, Vet Student programs, and Veterinary Technician opportunities, click\u00a0the respective link below.\u00a0 For all [&hellip;]\" \/>\n<meta property=\"og:url\" content=\"https:\/\/globalvet.ca\/en\/careers\/\" \/>\n<meta property=\"og:site_name\" content=\"Globalvet\" \/>\n<meta property=\"article:publisher\" content=\"https:\/\/www.facebook.com\/Globalvetqc\/\" \/>\n<meta property=\"article:modified_time\" content=\"2025-02-04T15:19:38+00:00\" \/>\n<meta name=\"twitter:card\" content=\"summary_large_image\" \/>\n<meta name=\"twitter:site\" content=\"@globalvet_1\" \/>\n<meta name=\"twitter:label1\" content=\"Est. reading time\" \/>\n\t<meta name=\"twitter:data1\" content=\"4 minutes\" \/>\n<script type=\"application\/ld+json\" class=\"yoast-schema-graph\">{\"@context\":\"https:\/\/schema.org\",\"@graph\":[{\"@type\":\"WebPage\",\"@id\":\"https:\/\/globalvet.ca\/en\/careers\/\",\"url\":\"https:\/\/globalvet.ca\/en\/careers\/\",\"name\":\"Careers - Globalvet\",\"isPartOf\":{\"@id\":\"https:\/\/globalvet.ca\/#website\"},\"datePublished\":\"2023-04-25T22:03:30+00:00\",\"dateModified\":\"2025-02-04T15:19:38+00:00\",\"breadcrumb\":{\"@id\":\"https:\/\/globalvet.ca\/en\/careers\/#breadcrumb\"},\"inLanguage\":\"en-US\",\"potentialAction\":[{\"@type\":\"ReadAction\",\"target\":[\"https:\/\/globalvet.ca\/en\/careers\/\"]}]},{\"@type\":\"BreadcrumbList\",\"@id\":\"https:\/\/globalvet.ca\/en\/careers\/#breadcrumb\",\"itemListElement\":[{\"@type\":\"ListItem\",\"position\":1,\"name\":\"Accueil\",\"item\":\"https:\/\/globalvet.ca\/en\/\"},{\"@type\":\"ListItem\",\"position\":2,\"name\":\"Careers\"}]},{\"@type\":\"WebSite\",\"@id\":\"https:\/\/globalvet.ca\/#website\",\"url\":\"https:\/\/globalvet.ca\/\",\"name\":\"Globalvet\",\"description\":\"\",\"potentialAction\":[{\"@type\":\"SearchAction\",\"target\":{\"@type\":\"EntryPoint\",\"urlTemplate\":\"https:\/\/globalvet.ca\/?s={search_term_string}\"},\"query-input\":{\"@type\":\"PropertyValueSpecification\",\"valueRequired\":true,\"valueName\":\"search_term_string\"}}],\"inLanguage\":\"en-US\"}]}<\/script>\n<!-- \/ Yoast SEO plugin. -->","yoast_head_json":{"title":"Careers - Globalvet","robots":{"index":"index","follow":"follow","max-snippet":"max-snippet:-1","max-image-preview":"max-image-preview:large","max-video-preview":"max-video-preview:-1"},"canonical":"https:\/\/globalvet.ca\/en\/careers\/","og_locale":"en_US","og_type":"article","og_title":"Careers - Globalvet","og_description":"For Veterinarian, Vet Student programs, and Veterinary Technician opportunities, click\u00a0the respective link below.\u00a0 For all [&hellip;]","og_url":"https:\/\/globalvet.ca\/en\/careers\/","og_site_name":"Globalvet","article_publisher":"https:\/\/www.facebook.com\/Globalvetqc\/","article_modified_time":"2025-02-04T15:19:38+00:00","twitter_card":"summary_large_image","twitter_site":"@globalvet_1","twitter_misc":{"Est. reading time":"4 minutes"},"schema":{"@context":"https:\/\/schema.org","@graph":[{"@type":"WebPage","@id":"https:\/\/globalvet.ca\/en\/careers\/","url":"https:\/\/globalvet.ca\/en\/careers\/","name":"Careers - Globalvet","isPartOf":{"@id":"https:\/\/globalvet.ca\/#website"},"datePublished":"2023-04-25T22:03:30+00:00","dateModified":"2025-02-04T15:19:38+00:00","breadcrumb":{"@id":"https:\/\/globalvet.ca\/en\/careers\/#breadcrumb"},"inLanguage":"en-US","potentialAction":[{"@type":"ReadAction","target":["https:\/\/globalvet.ca\/en\/careers\/"]}]},{"@type":"BreadcrumbList","@id":"https:\/\/globalvet.ca\/en\/careers\/#breadcrumb","itemListElement":[{"@type":"ListItem","position":1,"name":"Accueil","item":"https:\/\/globalvet.ca\/en\/"},{"@type":"ListItem","position":2,"name":"Careers"}]},{"@type":"WebSite","@id":"https:\/\/globalvet.ca\/#website","url":"https:\/\/globalvet.ca\/","name":"Globalvet","description":"","potentialAction":[{"@type":"SearchAction","target":{"@type":"EntryPoint","urlTemplate":"https:\/\/globalvet.ca\/?s={search_term_string}"},"query-input":{"@type":"PropertyValueSpecification","valueRequired":true,"valueName":"search_term_string"}}],"inLanguage":"en-US"}]}},"_links":{"self":[{"href":"https:\/\/globalvet.ca\/en\/wp-json\/wp\/v2\/pages\/302379","targetHints":{"allow":["GET"]}}],"collection":[{"href":"https:\/\/globalvet.ca\/en\/wp-json\/wp\/v2\/pages"}],"about":[{"href":"https:\/\/globalvet.ca\/en\/wp-json\/wp\/v2\/types\/page"}],"author":[{"embeddable":true,"href":"https:\/\/globalvet.ca\/en\/wp-json\/wp\/v2\/users\/2"}],"replies":[{"embeddable":true,"href":"https:\/\/globalvet.ca\/en\/wp-json\/wp\/v2\/comments?post=302379"}],"version-history":[{"count":23,"href":"https:\/\/globalvet.ca\/en\/wp-json\/wp\/v2\/pages\/302379\/revisions"}],"predecessor-version":[{"id":407324,"href":"https:\/\/globalvet.ca\/en\/wp-json\/wp\/v2\/pages\/302379\/revisions\/407324"}],"wp:attachment":[{"href":"https:\/\/globalvet.ca\/en\/wp-json\/wp\/v2\/media?parent=302379"}],"curies":[{"name":"wp","href":"https:\/\/api.w.org\/{rel}","templated":true}]}}